{"id":2,"date":"2025-11-25T20:15:46","date_gmt":"2025-11-25T20:15:46","guid":{"rendered":"https:\/\/excesscaraudio.com\/?page_id=2"},"modified":"2025-11-27T02:55:09","modified_gmt":"2025-11-27T02:55:09","slug":"diagramas-polizas","status":"publish","type":"page","link":"https:\/\/excesscaraudio.com\/index.php\/diagramas-polizas\/","title":{"rendered":"Diagramas y Polizas"},"content":{"rendered":"\n<p>INSTALACI\u00d3N B\u00c1SICA DE INSTALACI\u00d3N PARA AMPLIFICADOR<\/p>\n\n\n\n<figure class=\"wp-block-image size-large\"><img loading=\"lazy\" decoding=\"async\" width=\"1024\" height=\"626\" src=\"https:\/\/excesscaraudio.com\/wp-content\/uploads\/2025\/11\/diagrama-cableado-1024x626.jpeg\" alt=\"\" class=\"wp-image-31\" srcset=\"https:\/\/excesscaraudio.com\/wp-content\/uploads\/2025\/11\/diagrama-cableado-1024x626.jpeg 1024w, https:\/\/excesscaraudio.com\/wp-content\/uploads\/2025\/11\/diagrama-cableado-300x183.jpeg 300w, https:\/\/excesscaraudio.com\/wp-content\/uploads\/2025\/11\/diagrama-cableado-768x470.jpeg 768w, https:\/\/excesscaraudio.com\/wp-content\/uploads\/2025\/11\/diagrama-cableado-600x367.jpeg 600w, https:\/\/excesscaraudio.com\/wp-content\/uploads\/2025\/11\/diagrama-cableado.jpeg 1151w\" sizes=\"auto, (max-width: 1024px) 100vw, 1024px\" \/><\/figure>\n\n\n\n<p><a href=\"https:\/\/excesscaraudio.com\/wp-content\/uploads\/2025\/11\/poliza-excess-librito.pdf\">Descargar P\u00f3liza de garant\u00eda<\/a><\/p>\n\n\n\n<figure class=\"wp-block-image size-medium\"><a href=\"https:\/\/excesscaraudio.com\/wp-content\/uploads\/2025\/11\/poliza-excess-librito.pdf\"><img loading=\"lazy\" decoding=\"async\" width=\"205\" height=\"300\" src=\"https:\/\/excesscaraudio.com\/wp-content\/uploads\/2025\/11\/Captura-de-pantalla-2025-11-26-a-las-8.48.14-p.-m-205x300.png\" alt=\"\" class=\"wp-image-47\" srcset=\"https:\/\/excesscaraudio.com\/wp-content\/uploads\/2025\/11\/Captura-de-pantalla-2025-11-26-a-las-8.48.14-p.-m-205x300.png 205w, https:\/\/excesscaraudio.com\/wp-content\/uploads\/2025\/11\/Captura-de-pantalla-2025-11-26-a-las-8.48.14-p.-m-700x1024.png 700w, https:\/\/excesscaraudio.com\/wp-content\/uploads\/2025\/11\/Captura-de-pantalla-2025-11-26-a-las-8.48.14-p.-m-768x1124.png 768w, https:\/\/excesscaraudio.com\/wp-content\/uploads\/2025\/11\/Captura-de-pantalla-2025-11-26-a-las-8.48.14-p.-m-1049x1536.png 1049w, https:\/\/excesscaraudio.com\/wp-content\/uploads\/2025\/11\/Captura-de-pantalla-2025-11-26-a-las-8.48.14-p.-m-600x878.png 600w, https:\/\/excesscaraudio.com\/wp-content\/uploads\/2025\/11\/Captura-de-pantalla-2025-11-26-a-las-8.48.14-p.-m.png 1216w\" sizes=\"auto, (max-width: 205px) 100vw, 205px\" \/><\/a><\/figure>\n","protected":false},"excerpt":{"rendered":"<p>INSTALACI\u00d3N B\u00c1SICA DE INSTALACI\u00d3N PARA AMPLIFICADOR Descargar P\u00f3liza de garant\u00eda<\/p>\n","protected":false},"author":1,"featured_media":0,"parent":0,"menu_order":0,"comment_status":"closed","ping_status":"closed","template":"","meta":{"footnotes":""},"class_list":["post-2","page","type-page","status-publish","hentry"],"yoast_head":"<!-- This site is optimized with the Yoast SEO plugin v26.4 - https:\/\/yoast.com\/wordpress\/plugins\/seo\/ -->\n<title>Diagramas y Polizas - Excess Car Audio y Accesorios<\/title>\n<meta name=\"robots\" content=\"index, follow, max-snippet:-1, max-image-preview:large, max-video-preview:-1\" \/>\n<link rel=\"canonical\" href=\"https:\/\/excesscaraudio.com\/index.php\/diagramas-polizas\/\" \/>\n<meta property=\"og:locale\" content=\"es_ES\" \/>\n<meta property=\"og:type\" content=\"article\" \/>\n<meta property=\"og:title\" content=\"Diagramas y Polizas - Excess Car Audio y Accesorios\" \/>\n<meta property=\"og:description\" content=\"INSTALACI\u00d3N B\u00c1SICA DE INSTALACI\u00d3N PARA AMPLIFICADOR Descargar P\u00f3liza de garant\u00eda\" \/>\n<meta property=\"og:url\" content=\"https:\/\/excesscaraudio.com\/index.php\/diagramas-polizas\/\" \/>\n<meta property=\"og:site_name\" content=\"Excess Car Audio y Accesorios\" \/>\n<meta property=\"article:modified_time\" content=\"2025-11-27T02:55:09+00:00\" \/>\n<meta property=\"og:image\" content=\"https:\/\/excesscaraudio.com\/wp-content\/uploads\/2025\/11\/diagrama-cableado.jpeg\" \/>\n\t<meta property=\"og:image:width\" content=\"1151\" \/>\n\t<meta property=\"og:image:height\" content=\"704\" \/>\n\t<meta property=\"og:image:type\" content=\"image\/jpeg\" \/>\n<meta name=\"twitter:card\" content=\"summary_large_image\" \/>\n<meta name=\"twitter:label1\" content=\"Tiempo de lectura\" \/>\n\t<meta name=\"twitter:data1\" content=\"1 minuto\" \/>\n<script type=\"application\/ld+json\" class=\"yoast-schema-graph\">{\"@context\":\"https:\/\/schema.org\",\"@graph\":[{\"@type\":\"WebPage\",\"@id\":\"https:\/\/excesscaraudio.com\/index.php\/diagramas-polizas\/\",\"url\":\"https:\/\/excesscaraudio.com\/index.php\/diagramas-polizas\/\",\"name\":\"Diagramas y Polizas - Excess Car Audio y Accesorios\",\"isPartOf\":{\"@id\":\"https:\/\/excesscaraudio.com\/#website\"},\"primaryImageOfPage\":{\"@id\":\"https:\/\/excesscaraudio.com\/index.php\/diagramas-polizas\/#primaryimage\"},\"image\":{\"@id\":\"https:\/\/excesscaraudio.com\/index.php\/diagramas-polizas\/#primaryimage\"},\"thumbnailUrl\":\"https:\/\/excesscaraudio.com\/wp-content\/uploads\/2025\/11\/diagrama-cableado-1024x626.jpeg\",\"datePublished\":\"2025-11-25T20:15:46+00:00\",\"dateModified\":\"2025-11-27T02:55:09+00:00\",\"breadcrumb\":{\"@id\":\"https:\/\/excesscaraudio.com\/index.php\/diagramas-polizas\/#breadcrumb\"},\"inLanguage\":\"es\",\"potentialAction\":[{\"@type\":\"ReadAction\",\"target\":[\"https:\/\/excesscaraudio.com\/index.php\/diagramas-polizas\/\"]}]},{\"@type\":\"ImageObject\",\"inLanguage\":\"es\",\"@id\":\"https:\/\/excesscaraudio.com\/index.php\/diagramas-polizas\/#primaryimage\",\"url\":\"https:\/\/excesscaraudio.com\/wp-content\/uploads\/2025\/11\/diagrama-cableado.jpeg\",\"contentUrl\":\"https:\/\/excesscaraudio.com\/wp-content\/uploads\/2025\/11\/diagrama-cableado.jpeg\",\"width\":1151,\"height\":704},{\"@type\":\"BreadcrumbList\",\"@id\":\"https:\/\/excesscaraudio.com\/index.php\/diagramas-polizas\/#breadcrumb\",\"itemListElement\":[{\"@type\":\"ListItem\",\"position\":1,\"name\":\"Portada\",\"item\":\"https:\/\/excesscaraudio.com\/\"},{\"@type\":\"ListItem\",\"position\":2,\"name\":\"Diagramas y Polizas\"}]},{\"@type\":\"WebSite\",\"@id\":\"https:\/\/excesscaraudio.com\/#website\",\"url\":\"https:\/\/excesscaraudio.com\/\",\"name\":\"Excess Car Audio y Accesorios\",\"description\":\"\",\"publisher\":{\"@id\":\"https:\/\/excesscaraudio.com\/#organization\"},\"potentialAction\":[{\"@type\":\"SearchAction\",\"target\":{\"@type\":\"EntryPoint\",\"urlTemplate\":\"https:\/\/excesscaraudio.com\/?s={search_term_string}\"},\"query-input\":{\"@type\":\"PropertyValueSpecification\",\"valueRequired\":true,\"valueName\":\"search_term_string\"}}],\"inLanguage\":\"es\"},{\"@type\":\"Organization\",\"@id\":\"https:\/\/excesscaraudio.com\/#organization\",\"name\":\"Excess Car Audio y Accesorios\",\"url\":\"https:\/\/excesscaraudio.com\/\",\"logo\":{\"@type\":\"ImageObject\",\"inLanguage\":\"es\",\"@id\":\"https:\/\/excesscaraudio.com\/#\/schema\/logo\/image\/\",\"url\":\"https:\/\/excesscaraudio.com\/wp-content\/uploads\/2025\/11\/top-logo.png\",\"contentUrl\":\"https:\/\/excesscaraudio.com\/wp-content\/uploads\/2025\/11\/top-logo.png\",\"width\":2221,\"height\":346,\"caption\":\"Excess Car Audio y Accesorios\"},\"image\":{\"@id\":\"https:\/\/excesscaraudio.com\/#\/schema\/logo\/image\/\"}}]}<\/script>\n<!-- \/ Yoast SEO plugin. -->","yoast_head_json":{"title":"Diagramas y Polizas - Excess Car Audio y Accesorios","robots":{"index":"index","follow":"follow","max-snippet":"max-snippet:-1","max-image-preview":"max-image-preview:large","max-video-preview":"max-video-preview:-1"},"canonical":"https:\/\/excesscaraudio.com\/index.php\/diagramas-polizas\/","og_locale":"es_ES","og_type":"article","og_title":"Diagramas y Polizas - Excess Car Audio y Accesorios","og_description":"INSTALACI\u00d3N B\u00c1SICA DE INSTALACI\u00d3N PARA AMPLIFICADOR Descargar P\u00f3liza de garant\u00eda","og_url":"https:\/\/excesscaraudio.com\/index.php\/diagramas-polizas\/","og_site_name":"Excess Car Audio y Accesorios","article_modified_time":"2025-11-27T02:55:09+00:00","og_image":[{"width":1151,"height":704,"url":"https:\/\/excesscaraudio.com\/wp-content\/uploads\/2025\/11\/diagrama-cableado.jpeg","type":"image\/jpeg"}],"twitter_card":"summary_large_image","twitter_misc":{"Tiempo de lectura":"1 minuto"},"schema":{"@context":"https:\/\/schema.org","@graph":[{"@type":"WebPage","@id":"https:\/\/excesscaraudio.com\/index.php\/diagramas-polizas\/","url":"https:\/\/excesscaraudio.com\/index.php\/diagramas-polizas\/","name":"Diagramas y Polizas - Excess Car Audio y Accesorios","isPartOf":{"@id":"https:\/\/excesscaraudio.com\/#website"},"primaryImageOfPage":{"@id":"https:\/\/excesscaraudio.com\/index.php\/diagramas-polizas\/#primaryimage"},"image":{"@id":"https:\/\/excesscaraudio.com\/index.php\/diagramas-polizas\/#primaryimage"},"thumbnailUrl":"https:\/\/excesscaraudio.com\/wp-content\/uploads\/2025\/11\/diagrama-cableado-1024x626.jpeg","datePublished":"2025-11-25T20:15:46+00:00","dateModified":"2025-11-27T02:55:09+00:00","breadcrumb":{"@id":"https:\/\/excesscaraudio.com\/index.php\/diagramas-polizas\/#breadcrumb"},"inLanguage":"es","potentialAction":[{"@type":"ReadAction","target":["https:\/\/excesscaraudio.com\/index.php\/diagramas-polizas\/"]}]},{"@type":"ImageObject","inLanguage":"es","@id":"https:\/\/excesscaraudio.com\/index.php\/diagramas-polizas\/#primaryimage","url":"https:\/\/excesscaraudio.com\/wp-content\/uploads\/2025\/11\/diagrama-cableado.jpeg","contentUrl":"https:\/\/excesscaraudio.com\/wp-content\/uploads\/2025\/11\/diagrama-cableado.jpeg","width":1151,"height":704},{"@type":"BreadcrumbList","@id":"https:\/\/excesscaraudio.com\/index.php\/diagramas-polizas\/#breadcrumb","itemListElement":[{"@type":"ListItem","position":1,"name":"Portada","item":"https:\/\/excesscaraudio.com\/"},{"@type":"ListItem","position":2,"name":"Diagramas y Polizas"}]},{"@type":"WebSite","@id":"https:\/\/excesscaraudio.com\/#website","url":"https:\/\/excesscaraudio.com\/","name":"Excess Car Audio y Accesorios","description":"","publisher":{"@id":"https:\/\/excesscaraudio.com\/#organization"},"potentialAction":[{"@type":"SearchAction","target":{"@type":"EntryPoint","urlTemplate":"https:\/\/excesscaraudio.com\/?s={search_term_string}"},"query-input":{"@type":"PropertyValueSpecification","valueRequired":true,"valueName":"search_term_string"}}],"inLanguage":"es"},{"@type":"Organization","@id":"https:\/\/excesscaraudio.com\/#organization","name":"Excess Car Audio y Accesorios","url":"https:\/\/excesscaraudio.com\/","logo":{"@type":"ImageObject","inLanguage":"es","@id":"https:\/\/excesscaraudio.com\/#\/schema\/logo\/image\/","url":"https:\/\/excesscaraudio.com\/wp-content\/uploads\/2025\/11\/top-logo.png","contentUrl":"https:\/\/excesscaraudio.com\/wp-content\/uploads\/2025\/11\/top-logo.png","width":2221,"height":346,"caption":"Excess Car Audio y Accesorios"},"image":{"@id":"https:\/\/excesscaraudio.com\/#\/schema\/logo\/image\/"}}]}},"_links":{"self":[{"href":"https:\/\/excesscaraudio.com\/index.php\/wp-json\/wp\/v2\/pages\/2","targetHints":{"allow":["GET"]}}],"collection":[{"href":"https:\/\/excesscaraudio.com\/index.php\/wp-json\/wp\/v2\/pages"}],"about":[{"href":"https:\/\/excesscaraudio.com\/index.php\/wp-json\/wp\/v2\/types\/page"}],"author":[{"embeddable":true,"href":"https:\/\/excesscaraudio.com\/index.php\/wp-json\/wp\/v2\/users\/1"}],"replies":[{"embeddable":true,"href":"https:\/\/excesscaraudio.com\/index.php\/wp-json\/wp\/v2\/comments?post=2"}],"version-history":[{"count":3,"href":"https:\/\/excesscaraudio.com\/index.php\/wp-json\/wp\/v2\/pages\/2\/revisions"}],"predecessor-version":[{"id":50,"href":"https:\/\/excesscaraudio.com\/index.php\/wp-json\/wp\/v2\/pages\/2\/revisions\/50"}],"wp:attachment":[{"href":"https:\/\/excesscaraudio.com\/index.php\/wp-json\/wp\/v2\/media?parent=2"}],"curies":[{"name":"wp","href":"https:\/\/api.w.org\/{rel}","templated":true}]}}